{"id":1134,"date":"2023-01-10T17:38:29","date_gmt":"2023-01-10T15:38:29","guid":{"rendered":"https:\/\/arroyolajara.com\/?page_id=1134"},"modified":"2023-01-10T17:46:09","modified_gmt":"2023-01-10T15:46:09","slug":"normas","status":"publish","type":"page","link":"https:\/\/arroyolajara.com\/en\/normas\/","title":{"rendered":"Normas"},"content":{"rendered":"<div data-elementor-type=\"wp-page\" data-elementor-id=\"1134\" class=\"elementor elementor-1134\" data-elementor-post-type=\"page\">\n\t\t\t\t\t\t<section class=\"elementor-section elementor-top-section elementor-element elementor-element-50ff2999 elementor-section-boxed elementor-section-height-default elementor-section-height-default\" data-id=\"50ff2999\" data-element_type=\"section\" data-settings=\"{&quot;background_background&quot;:&quot;classic&quot;}\">\n\t\t\t\t\t\t<div class=\"elementor-container elementor-column-gap-default\">\n\t\t\t\t\t<div class=\"elementor-column elementor-col-100 elementor-top-column elementor-element elementor-element-11fa9ad2\" data-id=\"11fa9ad2\" data-element_type=\"column\">\n\t\t\t<div class=\"elementor-widget-wrap elementor-element-populated\">\n\t\t\t\t\t\t<div class=\"elementor-element elementor-element-55ed18b2 elementor-widget elementor-widget-text-editor\" data-id=\"55ed18b2\" data-element_type=\"widget\" data-widget_type=\"text-editor.default\">\n\t\t\t\t<div class=\"elementor-widget-container\">\n\t\t\t\t\t\t\t\t\t<p><strong>The management of Finca Arroyo La Jara has as main objectives:<\/strong><\/p><p>1-Ensure that guests enjoy a stay<\/p><p>2-Maintain an optimal level of quality, both in its facilities and in its services<\/p><p>3-Contribute to the preservation of the environment<\/p><p>Your help is essential for the achievement and maintenance of these objectives.<\/p><p>Please read carefully the RULES FOR GUESTS that we present on the next page.<\/p>\t\t\t\t\t\t\t\t<\/div>\n\t\t\t\t<\/div>\n\t\t\t\t<div class=\"elementor-element elementor-element-148f4c92 elementor-widget elementor-widget-heading\" data-id=\"148f4c92\" data-element_type=\"widget\" data-widget_type=\"heading.default\">\n\t\t\t\t<div class=\"elementor-widget-container\">\n\t\t\t\t\t<h2 class=\"elementor-heading-title elementor-size-default\">RULES FOR THE GUESTS<\/h2>\t\t\t\t<\/div>\n\t\t\t\t<\/div>\n\t\t\t\t<div class=\"elementor-element elementor-element-a31d404 elementor-widget elementor-widget-text-editor\" data-id=\"a31d404\" data-element_type=\"widget\" data-widget_type=\"text-editor.default\">\n\t\t\t\t<div class=\"elementor-widget-container\">\n\t\t\t\t\t\t\t\t\t<h5><span style=\"color: #606c38;\"><strong>House capacity<\/strong><\/span><\/h5><p>The maximum capacity in number of people in each house is as follows:<\/p><p>Casa El Puente - 2 people<br \/>Casa Los Naranjos - 2 people<br \/>Casa La Huerta - 4 people<br \/>Casa El Olivo - 10 people<br \/>Casa La Fuente - 4 people<br \/>Casa La Alberca - 4 people<\/p><p>The permanence of a number of people that exceeds said capacities is not allowed. This rule also includes transient visitors or guests.<\/p><h5><span style=\"color: #606c38;\">Vehicles<\/span><\/h5><p>It is only allowed to circulate along the lane of the farm until the house El Olivo.<\/p><p>MAXIMUM SPEED IS 20KM\/H.<\/p><h5><span style=\"color: #606c38;\">Pets<\/span><\/h5><p>The pet must always be under control. Inside the farm the animal must be subject to its corresponding leash to prevent accidents that may affect other customers.<\/p><p>IT IS NOT ALLOWED TO GIVE FOOD TO THE DOGS OF THE FARM.<\/p><h5><span style=\"color: #606c38;\">Chimneys<\/span><\/h5><p>If the client has no experience with fireplaces and\/or barbecue, we suggest not to light a fire. A high percentage of fire accidents are usually caused by inexperienced people.<\/p><p>The price of the basket of wood is 7 euros.<\/p><p>Is not allowed to collect firewood on the property.<\/p><h5><span style=\"color: #606c38;\">Barbecues<\/span><\/h5><p>By regulation\/2006 of the government of Andalucia, it is forbidden to light barbecues in zones of forest influence from July 1 to October 15.<\/p><p>During the months authorized for security reasons, the use of firewood for barbecues is not allowed. On the farm we do not have coal. Coal can be obtained in Almonaster.<\/p><h5><span style=\"color: #606c38;\">Garbage<\/span><\/h5><p>Garbage bags should not be left outside the houses. Each client will be responsible for depositing them in the container located at the exit of the property.<\/p><h5><span style=\"color: #606c38;\">Heating<\/span><\/h5><p>The heating boiler is regulated to maintain a constant temperature of 21 degrees.<\/p><p>Tampering with the boiler and\/or thermostats can cause accidents and\/or breakdowns.<\/p><p>To avoid these complications, consult the staff at Arroyo La Jara.<\/p><p>For optimum operation of the heating system, avoid opening the door and windows of the house unnecessarily.<\/p><h5><span style=\"color: #606c38;\">Lights<\/span><\/h5><p>To contribute to saving energy, the unncessary turning of lights should be avoided.<\/p><h5><span style=\"color: #606c38;\">TV and Music<\/span><\/h5><p>The volume of the television or music should be kept at a low level, to avoid disturbing other clients of the farm.<\/p><h5><span style=\"color: #606c38;\">Swimming pools<\/span><\/h5><p>The pools will be better open between June 1 and September 30 (variable dates depending on the weather) and access will be available between 11.30 a.m. and 8.00 p.m.<\/p><p><strong>INSIDE THE SWIMMING POOL AREA IT IS NOT ALLOWED:<\/strong><\/p><p>-Under 14 years old if they are not accompanied by an adult.<\/p><p>-The use of objects (balls, large inflatables, etc.) that may pose a risk of accidents or an inconvenience to the rest of the people who will remain in the enclosure.<\/p><p>-Running, pushing and any other type of violent activity that represents a risk or accident that disturbs people's rest.<\/p><p>-The entry of animals of any kind.<\/p><p>-Dangerous games inside the pool glass.<\/p><p>-Throw head or \"make the bomb\".<\/p><p>-The introduction and use of objects and\/or glass containers or other materials that can cause sharp or puncture wounds.<\/p><p>-The use of music and\/or radio devices, unless they listen with headphones.<\/p><h5><span style=\"color: #606c38;\">Clothes and other household items<\/span><\/h5><p>If the client is interested in keeping bathrobes, slippers, towels, sheets, canes, or other household items, they can consult the owners of Arroyo La Jara by calling 661 341 658 or contacting the staff.<\/p>\t\t\t\t\t\t\t\t<\/div>\n\t\t\t\t<\/div>\n\t\t\t\t<div class=\"elementor-element elementor-element-4a08eb3 elementor-widget elementor-widget-heading\" data-id=\"4a08eb3\" data-element_type=\"widget\" data-widget_type=\"heading.default\">\n\t\t\t\t<div class=\"elementor-widget-container\">\n\t\t\t\t\t<h2 class=\"elementor-heading-title elementor-size-default\">Thank you for making good use of the house and for caring for the natural eniroment!\n<br><br>\nEnjoy the facilities, the silence and tranquility in Arroyo la Jara :)<\/h2>\t\t\t\t<\/div>\n\t\t\t\t<\/div>\n\t\t\t\t\t<\/div>\n\t\t<\/div>\n\t\t\t\t\t<\/div>\n\t\t<\/section>\n\t\t\t\t<\/div>","protected":false},"excerpt":{"rendered":"<p>La direcci\u00f3n de la Finca Arroyo La Jara tiene como objetivos principales: 1-Lograr que los hu\u00e9spedes disfruten una estancia. 2-Mantener un \u00f3ptimo nivel de calidad, tanto en sus instalaciones como en sus servicios. 3-Contribuir a la preservaci\u00f3n del medio ambiente. Su ayuda es indispensable para la consecuci\u00f3n y el mantenimiento de estos objetivos. Por favor, [&hellip;]<\/p>\n","protected":false},"author":3,"featured_media":0,"parent":0,"menu_order":0,"comment_status":"closed","ping_status":"closed","template":"","meta":{"inline_featured_image":false,"_joinchat":[],"footnotes":""},"class_list":["post-1134","page","type-page","status-publish","hentry","entry"],"yoast_head":"<!-- This site is optimized with the Yoast SEO plugin v26.8 - https:\/\/yoast.com\/product\/yoast-seo-wordpress\/ -->\n<title>Normas - Arroyo La Jara<\/title>\n<meta name=\"robots\" content=\"index, follow, max-snippet:-1, max-image-preview:large, max-video-preview:-1\" \/>\n<link rel=\"canonical\" href=\"https:\/\/arroyolajara.com\/en\/normas\/\" \/>\n<meta property=\"og:locale\" content=\"en_GB\" \/>\n<meta property=\"og:type\" content=\"article\" \/>\n<meta property=\"og:title\" content=\"Normas - Arroyo La Jara\" \/>\n<meta property=\"og:description\" content=\"La direcci\u00f3n de la Finca Arroyo La Jara tiene como objetivos principales: 1-Lograr que los hu\u00e9spedes disfruten una estancia. 2-Mantener un \u00f3ptimo nivel de calidad, tanto en sus instalaciones como en sus servicios. 3-Contribuir a la preservaci\u00f3n del medio ambiente. Su ayuda es indispensable para la consecuci\u00f3n y el mantenimiento de estos objetivos. Por favor, [&hellip;]\" \/>\n<meta property=\"og:url\" content=\"https:\/\/arroyolajara.com\/en\/normas\/\" \/>\n<meta property=\"og:site_name\" content=\"Arroyo La Jara\" \/>\n<meta property=\"article:modified_time\" content=\"2023-01-10T15:46:09+00:00\" \/>\n<meta property=\"og:image\" content=\"https:\/\/arroyolajara.com\/wp-content\/uploads\/2024\/07\/ArroyoLaJara.png\" \/>\n\t<meta property=\"og:image:width\" content=\"1200\" \/>\n\t<meta property=\"og:image:height\" content=\"650\" \/>\n\t<meta property=\"og:image:type\" content=\"image\/png\" \/>\n<meta name=\"twitter:card\" content=\"summary_large_image\" \/>\n<meta name=\"twitter:label1\" content=\"Estimated reading time\" \/>\n\t<meta name=\"twitter:data1\" content=\"3 minutes\" \/>\n<script type=\"application\/ld+json\" class=\"yoast-schema-graph\">{\"@context\":\"https:\/\/schema.org\",\"@graph\":[{\"@type\":\"WebPage\",\"@id\":\"https:\/\/arroyolajara.com\/normas\/\",\"url\":\"https:\/\/arroyolajara.com\/normas\/\",\"name\":\"Normas - Arroyo La Jara\",\"isPartOf\":{\"@id\":\"https:\/\/arroyolajara.com\/#website\"},\"datePublished\":\"2023-01-10T15:38:29+00:00\",\"dateModified\":\"2023-01-10T15:46:09+00:00\",\"breadcrumb\":{\"@id\":\"https:\/\/arroyolajara.com\/normas\/#breadcrumb\"},\"inLanguage\":\"en-GB\",\"potentialAction\":[{\"@type\":\"ReadAction\",\"target\":[\"https:\/\/arroyolajara.com\/normas\/\"]}]},{\"@type\":\"BreadcrumbList\",\"@id\":\"https:\/\/arroyolajara.com\/normas\/#breadcrumb\",\"itemListElement\":[{\"@type\":\"ListItem\",\"position\":1,\"name\":\"Portada\",\"item\":\"https:\/\/arroyolajara.com\/\"},{\"@type\":\"ListItem\",\"position\":2,\"name\":\"Normas\"}]},{\"@type\":\"WebSite\",\"@id\":\"https:\/\/arroyolajara.com\/#website\",\"url\":\"https:\/\/arroyolajara.com\/\",\"name\":\"Arroyo La Jara\",\"description\":\"Casas rurales en Huelva\",\"publisher\":{\"@id\":\"https:\/\/arroyolajara.com\/#organization\"},\"alternateName\":\"Casas rurales en Huelva\",\"potentialAction\":[{\"@type\":\"SearchAction\",\"target\":{\"@type\":\"EntryPoint\",\"urlTemplate\":\"https:\/\/arroyolajara.com\/?s={search_term_string}\"},\"query-input\":{\"@type\":\"PropertyValueSpecification\",\"valueRequired\":true,\"valueName\":\"search_term_string\"}}],\"inLanguage\":\"en-GB\"},{\"@type\":\"Organization\",\"@id\":\"https:\/\/arroyolajara.com\/#organization\",\"name\":\"Arroyo La Jara\",\"alternateName\":\"Casas rurales en Huelva\",\"url\":\"https:\/\/arroyolajara.com\/\",\"logo\":{\"@type\":\"ImageObject\",\"inLanguage\":\"en-GB\",\"@id\":\"https:\/\/arroyolajara.com\/#\/schema\/logo\/image\/\",\"url\":\"https:\/\/arroyolajara.com\/wp-content\/uploads\/2024\/07\/ArroyoLaJara-LogoBlanco.svg\",\"contentUrl\":\"https:\/\/arroyolajara.com\/wp-content\/uploads\/2024\/07\/ArroyoLaJara-LogoBlanco.svg\",\"width\":249,\"height\":75,\"caption\":\"Arroyo La Jara\"},\"image\":{\"@id\":\"https:\/\/arroyolajara.com\/#\/schema\/logo\/image\/\"},\"sameAs\":[\"https:\/\/www.instagram.com\/arroyolajara\"]}]}<\/script>\n<!-- \/ Yoast SEO plugin. -->","yoast_head_json":{"title":"Normas - Arroyo La Jara","robots":{"index":"index","follow":"follow","max-snippet":"max-snippet:-1","max-image-preview":"max-image-preview:large","max-video-preview":"max-video-preview:-1"},"canonical":"https:\/\/arroyolajara.com\/en\/normas\/","og_locale":"en_GB","og_type":"article","og_title":"Normas - Arroyo La Jara","og_description":"La direcci\u00f3n de la Finca Arroyo La Jara tiene como objetivos principales: 1-Lograr que los hu\u00e9spedes disfruten una estancia. 2-Mantener un \u00f3ptimo nivel de calidad, tanto en sus instalaciones como en sus servicios. 3-Contribuir a la preservaci\u00f3n del medio ambiente. Su ayuda es indispensable para la consecuci\u00f3n y el mantenimiento de estos objetivos. Por favor, [&hellip;]","og_url":"https:\/\/arroyolajara.com\/en\/normas\/","og_site_name":"Arroyo La Jara","article_modified_time":"2023-01-10T15:46:09+00:00","og_image":[{"width":1200,"height":650,"url":"https:\/\/arroyolajara.com\/wp-content\/uploads\/2024\/07\/ArroyoLaJara.png","type":"image\/png"}],"twitter_card":"summary_large_image","twitter_misc":{"Estimated reading time":"3 minutes"},"schema":{"@context":"https:\/\/schema.org","@graph":[{"@type":"WebPage","@id":"https:\/\/arroyolajara.com\/normas\/","url":"https:\/\/arroyolajara.com\/normas\/","name":"Normas - Arroyo La Jara","isPartOf":{"@id":"https:\/\/arroyolajara.com\/#website"},"datePublished":"2023-01-10T15:38:29+00:00","dateModified":"2023-01-10T15:46:09+00:00","breadcrumb":{"@id":"https:\/\/arroyolajara.com\/normas\/#breadcrumb"},"inLanguage":"en-GB","potentialAction":[{"@type":"ReadAction","target":["https:\/\/arroyolajara.com\/normas\/"]}]},{"@type":"BreadcrumbList","@id":"https:\/\/arroyolajara.com\/normas\/#breadcrumb","itemListElement":[{"@type":"ListItem","position":1,"name":"Portada","item":"https:\/\/arroyolajara.com\/"},{"@type":"ListItem","position":2,"name":"Normas"}]},{"@type":"WebSite","@id":"https:\/\/arroyolajara.com\/#website","url":"https:\/\/arroyolajara.com\/","name":"Arroyo La Jara","description":"Casas rurales en Huelva","publisher":{"@id":"https:\/\/arroyolajara.com\/#organization"},"alternateName":"Casas rurales en Huelva","potentialAction":[{"@type":"SearchAction","target":{"@type":"EntryPoint","urlTemplate":"https:\/\/arroyolajara.com\/?s={search_term_string}"},"query-input":{"@type":"PropertyValueSpecification","valueRequired":true,"valueName":"search_term_string"}}],"inLanguage":"en-GB"},{"@type":"Organization","@id":"https:\/\/arroyolajara.com\/#organization","name":"Arroyo La Jara","alternateName":"Casas rurales en Huelva","url":"https:\/\/arroyolajara.com\/","logo":{"@type":"ImageObject","inLanguage":"en-GB","@id":"https:\/\/arroyolajara.com\/#\/schema\/logo\/image\/","url":"https:\/\/arroyolajara.com\/wp-content\/uploads\/2024\/07\/ArroyoLaJara-LogoBlanco.svg","contentUrl":"https:\/\/arroyolajara.com\/wp-content\/uploads\/2024\/07\/ArroyoLaJara-LogoBlanco.svg","width":249,"height":75,"caption":"Arroyo La Jara"},"image":{"@id":"https:\/\/arroyolajara.com\/#\/schema\/logo\/image\/"},"sameAs":["https:\/\/www.instagram.com\/arroyolajara"]}]}},"_links":{"self":[{"href":"https:\/\/arroyolajara.com\/en\/wp-json\/wp\/v2\/pages\/1134","targetHints":{"allow":["GET"]}}],"collection":[{"href":"https:\/\/arroyolajara.com\/en\/wp-json\/wp\/v2\/pages"}],"about":[{"href":"https:\/\/arroyolajara.com\/en\/wp-json\/wp\/v2\/types\/page"}],"author":[{"embeddable":true,"href":"https:\/\/arroyolajara.com\/en\/wp-json\/wp\/v2\/users\/3"}],"replies":[{"embeddable":true,"href":"https:\/\/arroyolajara.com\/en\/wp-json\/wp\/v2\/comments?post=1134"}],"version-history":[{"count":10,"href":"https:\/\/arroyolajara.com\/en\/wp-json\/wp\/v2\/pages\/1134\/revisions"}],"predecessor-version":[{"id":1145,"href":"https:\/\/arroyolajara.com\/en\/wp-json\/wp\/v2\/pages\/1134\/revisions\/1145"}],"wp:attachment":[{"href":"https:\/\/arroyolajara.com\/en\/wp-json\/wp\/v2\/media?parent=1134"}],"curies":[{"name":"wp","href":"https:\/\/api.w.org\/{rel}","templated":true}]}}