{"id":1146,"date":"2023-01-10T17:46:35","date_gmt":"2023-01-10T15:46:35","guid":{"rendered":"https:\/\/arroyolajara.com\/?page_id=1146"},"modified":"2023-01-10T17:49:15","modified_gmt":"2023-01-10T15:49:15","slug":"rutas-gastronomicas","status":"publish","type":"page","link":"https:\/\/arroyolajara.com\/en\/rutas-gastronomicas\/","title":{"rendered":"Gastronomic routes"},"content":{"rendered":"<div data-elementor-type=\"wp-page\" data-elementor-id=\"1146\" class=\"elementor elementor-1146\" data-elementor-post-type=\"page\">\n\t\t\t\t\t\t<section class=\"elementor-section elementor-top-section elementor-element elementor-element-6e71039 elementor-section-boxed elementor-section-height-default elementor-section-height-default\" data-id=\"6e71039\" data-element_type=\"section\" data-settings=\"{&quot;background_background&quot;:&quot;classic&quot;}\">\n\t\t\t\t\t\t<div class=\"elementor-container elementor-column-gap-default\">\n\t\t\t\t\t<div class=\"elementor-column elementor-col-100 elementor-top-column elementor-element elementor-element-a35ebe5\" data-id=\"a35ebe5\" data-element_type=\"column\">\n\t\t\t<div class=\"elementor-widget-wrap elementor-element-populated\">\n\t\t\t\t\t\t<div class=\"elementor-element elementor-element-b7708c6 elementor-widget elementor-widget-heading\" data-id=\"b7708c6\" data-element_type=\"widget\" data-widget_type=\"heading.default\">\n\t\t\t\t<div class=\"elementor-widget-container\">\n\t\t\t\t\t<h2 class=\"elementor-heading-title elementor-size-default\">RUTAS GASTR\u00d3NOMICAS<\/h2>\t\t\t\t<\/div>\n\t\t\t\t<\/div>\n\t\t\t\t<div class=\"elementor-element elementor-element-a3067e6 elementor-widget elementor-widget-text-editor\" data-id=\"a3067e6\" data-element_type=\"widget\" data-widget_type=\"text-editor.default\">\n\t\t\t\t<div class=\"elementor-widget-container\">\n\t\t\t\t\t\t\t\t\t<p>Aqu\u00ed os proponemos varios de nuestros favoritos seg\u00fan la cercan\u00eda con nuestra finca.<\/p><h5><span style=\"color: #606c38;\">ALMONASTER LA REAL<\/span><\/h5><p><strong>RESTAURANTE RINCON DE CURRO<\/strong><\/p><p>A-470, 11, 21350 Almonaster la Real, Huelva<\/p><p>Almejas de carril, Corvina al horno y Merluza de pincho, el mejor en pescado de la zona. No perderse el cocido de los mi\u00e9rcoles.<\/p><p>Tel\u00e9fono: +34 959 143 149<\/p><p><strong>RESTAURANTE EL CAMINO<\/strong><\/p><p>Carretera Cortegana, Km. 6,8, 21350 Aracena, Huelva<\/p><p>Restaurante especializado en carnes ib\u00e9ricas y verduras de la zona.<\/p><p>Tel\u00e9fono: +34 959 50 32 40<\/p><h5><span style=\"color: #606c38;\">FUENTEHERIDOS<\/span><\/h5><p><strong>VEGANDVEG GASTROARTESANIA<\/strong><\/p><p>Avda. Hermanos Maristas, 6 &#8211; Bajo, local 3, 21292 Fuenteheridos, Huelva<\/p><p>El mejor y \u00fanico restaurante vegetariano y vegano de la zona. Espectacular comida y buenas<br \/>atenciones de la mano de Jos\u00e9 Mar\u00eda y F\u00e1tima.<\/p><p>Tel\u00e9fono: +34 609 040 784<\/p><h5><span style=\"color: #606c38;\">AL\u00c1JAR<\/span><\/h5><p><strong>RESTAURANTE EL PADRINO<\/strong><\/p><p>Plaza de Miguel Moya, s\/n &#8211; 21340 Al\u00e1jar, Huelva<\/p><p>Ofrece una cocina tradicional elaborada con productos de temporada y los productos de la regi\u00f3n. Algunas de sus especialidades son las pencas de acelgas, la presa el padrino y el lomo con casta\u00f1as.<\/p><p>Tel\u00e9fono: +34 654 248 583<\/p><h5><span style=\"color: #606c38;\">ARACENA<\/span><\/h5><p><strong>RESTAURANTE JOSE VICENTE<\/strong><\/p><p>Av. de Andaluc\u00eda, 53, 21200 Aracena, Huelva<\/p><p>Donde coma como su propietario dice \u201cLas Verduras huelen a huerta y las Setas llevan los<br \/>aromas h\u00famedos del bosque\u201d.<\/p><p>Tel\u00e9fono: +34 959 12 84 55<\/p><h5><span style=\"color: #606c38;\">HIGUERA DE LA SIERRA<\/span><\/h5><p><strong>RESTAURANTE JACARAND\u00c1<\/strong><\/p><p>Pl. de la Constituci\u00f3n, 21220 Higuera de la Sierra, Huelva<\/p><p>Sopa de tomate, migas, pisto, setas.<\/p><p>Tel\u00e9fono: +34 665 46 87 70<\/p>\t\t\t\t\t\t\t\t<\/div>\n\t\t\t\t<\/div>\n\t\t\t\t\t<\/div>\n\t\t<\/div>\n\t\t\t\t\t<\/div>\n\t\t<\/section>\n\t\t\t\t<\/div>","protected":false},"excerpt":{"rendered":"<p>RUTAS GASTR\u00d3NOMICAS Aqu\u00ed os proponemos varios de nuestros favoritos seg\u00fan la cercan\u00eda con nuestra finca. ALMONASTER LA REAL RESTAURANTE RINCON DE CURRO A-470, 11, 21350 Almonaster la Real, Huelva Almejas de carril, Corvina al horno y Merluza de pincho, el mejor en pescado de la zona. No perderse el cocido de los mi\u00e9rcoles. Tel\u00e9fono: +34 [&hellip;]<\/p>\n","protected":false},"author":3,"featured_media":0,"parent":0,"menu_order":0,"comment_status":"closed","ping_status":"closed","template":"","meta":{"inline_featured_image":false,"_joinchat":[],"footnotes":""},"class_list":["post-1146","page","type-page","status-publish","hentry","entry"],"yoast_head":"<!-- This site is optimized with the Yoast SEO plugin v26.8 - https:\/\/yoast.com\/product\/yoast-seo-wordpress\/ -->\n<title>Rutas gastron\u00f3micas - Arroyo La Jara<\/title>\n<meta name=\"robots\" content=\"index, follow, max-snippet:-1, max-image-preview:large, max-video-preview:-1\" \/>\n<link rel=\"canonical\" href=\"https:\/\/arroyolajara.com\/en\/rutas-gastronomicas\/\" \/>\n<meta property=\"og:locale\" content=\"en_GB\" \/>\n<meta property=\"og:type\" content=\"article\" \/>\n<meta property=\"og:title\" content=\"Rutas gastron\u00f3micas - Arroyo La Jara\" \/>\n<meta property=\"og:description\" content=\"RUTAS GASTR\u00d3NOMICAS Aqu\u00ed os proponemos varios de nuestros favoritos seg\u00fan la cercan\u00eda con nuestra finca. ALMONASTER LA REAL RESTAURANTE RINCON DE CURRO A-470, 11, 21350 Almonaster la Real, Huelva Almejas de carril, Corvina al horno y Merluza de pincho, el mejor en pescado de la zona. No perderse el cocido de los mi\u00e9rcoles. Tel\u00e9fono: +34 [&hellip;]\" \/>\n<meta property=\"og:url\" content=\"https:\/\/arroyolajara.com\/en\/rutas-gastronomicas\/\" \/>\n<meta property=\"og:site_name\" content=\"Arroyo La Jara\" \/>\n<meta property=\"article:modified_time\" content=\"2023-01-10T15:49:15+00:00\" \/>\n<meta property=\"og:image\" content=\"https:\/\/arroyolajara.com\/wp-content\/uploads\/2024\/07\/ArroyoLaJara.png\" \/>\n\t<meta property=\"og:image:width\" content=\"1200\" \/>\n\t<meta property=\"og:image:height\" content=\"650\" \/>\n\t<meta property=\"og:image:type\" content=\"image\/png\" \/>\n<meta name=\"twitter:card\" content=\"summary_large_image\" \/>\n<meta name=\"twitter:label1\" content=\"Estimated reading time\" \/>\n\t<meta name=\"twitter:data1\" content=\"1 minute\" \/>\n<script type=\"application\/ld+json\" class=\"yoast-schema-graph\">{\"@context\":\"https:\/\/schema.org\",\"@graph\":[{\"@type\":\"WebPage\",\"@id\":\"https:\/\/arroyolajara.com\/rutas-gastronomicas\/\",\"url\":\"https:\/\/arroyolajara.com\/rutas-gastronomicas\/\",\"name\":\"Rutas gastron\u00f3micas - Arroyo La Jara\",\"isPartOf\":{\"@id\":\"https:\/\/arroyolajara.com\/#website\"},\"datePublished\":\"2023-01-10T15:46:35+00:00\",\"dateModified\":\"2023-01-10T15:49:15+00:00\",\"breadcrumb\":{\"@id\":\"https:\/\/arroyolajara.com\/rutas-gastronomicas\/#breadcrumb\"},\"inLanguage\":\"en-GB\",\"potentialAction\":[{\"@type\":\"ReadAction\",\"target\":[\"https:\/\/arroyolajara.com\/rutas-gastronomicas\/\"]}]},{\"@type\":\"BreadcrumbList\",\"@id\":\"https:\/\/arroyolajara.com\/rutas-gastronomicas\/#breadcrumb\",\"itemListElement\":[{\"@type\":\"ListItem\",\"position\":1,\"name\":\"Portada\",\"item\":\"https:\/\/arroyolajara.com\/\"},{\"@type\":\"ListItem\",\"position\":2,\"name\":\"Rutas gastron\u00f3micas\"}]},{\"@type\":\"WebSite\",\"@id\":\"https:\/\/arroyolajara.com\/#website\",\"url\":\"https:\/\/arroyolajara.com\/\",\"name\":\"Arroyo La Jara\",\"description\":\"Casas rurales en Huelva\",\"publisher\":{\"@id\":\"https:\/\/arroyolajara.com\/#organization\"},\"alternateName\":\"Casas rurales en Huelva\",\"potentialAction\":[{\"@type\":\"SearchAction\",\"target\":{\"@type\":\"EntryPoint\",\"urlTemplate\":\"https:\/\/arroyolajara.com\/?s={search_term_string}\"},\"query-input\":{\"@type\":\"PropertyValueSpecification\",\"valueRequired\":true,\"valueName\":\"search_term_string\"}}],\"inLanguage\":\"en-GB\"},{\"@type\":\"Organization\",\"@id\":\"https:\/\/arroyolajara.com\/#organization\",\"name\":\"Arroyo La Jara\",\"alternateName\":\"Casas rurales en Huelva\",\"url\":\"https:\/\/arroyolajara.com\/\",\"logo\":{\"@type\":\"ImageObject\",\"inLanguage\":\"en-GB\",\"@id\":\"https:\/\/arroyolajara.com\/#\/schema\/logo\/image\/\",\"url\":\"https:\/\/arroyolajara.com\/wp-content\/uploads\/2024\/07\/ArroyoLaJara-LogoBlanco.svg\",\"contentUrl\":\"https:\/\/arroyolajara.com\/wp-content\/uploads\/2024\/07\/ArroyoLaJara-LogoBlanco.svg\",\"width\":249,\"height\":75,\"caption\":\"Arroyo La Jara\"},\"image\":{\"@id\":\"https:\/\/arroyolajara.com\/#\/schema\/logo\/image\/\"},\"sameAs\":[\"https:\/\/www.instagram.com\/arroyolajara\"]}]}<\/script>\n<!-- \/ Yoast SEO plugin. -->","yoast_head_json":{"title":"Rutas gastron\u00f3micas - Arroyo La Jara","robots":{"index":"index","follow":"follow","max-snippet":"max-snippet:-1","max-image-preview":"max-image-preview:large","max-video-preview":"max-video-preview:-1"},"canonical":"https:\/\/arroyolajara.com\/en\/rutas-gastronomicas\/","og_locale":"en_GB","og_type":"article","og_title":"Rutas gastron\u00f3micas - Arroyo La Jara","og_description":"RUTAS GASTR\u00d3NOMICAS Aqu\u00ed os proponemos varios de nuestros favoritos seg\u00fan la cercan\u00eda con nuestra finca. ALMONASTER LA REAL RESTAURANTE RINCON DE CURRO A-470, 11, 21350 Almonaster la Real, Huelva Almejas de carril, Corvina al horno y Merluza de pincho, el mejor en pescado de la zona. No perderse el cocido de los mi\u00e9rcoles. Tel\u00e9fono: +34 [&hellip;]","og_url":"https:\/\/arroyolajara.com\/en\/rutas-gastronomicas\/","og_site_name":"Arroyo La Jara","article_modified_time":"2023-01-10T15:49:15+00:00","og_image":[{"width":1200,"height":650,"url":"https:\/\/arroyolajara.com\/wp-content\/uploads\/2024\/07\/ArroyoLaJara.png","type":"image\/png"}],"twitter_card":"summary_large_image","twitter_misc":{"Estimated reading time":"1 minute"},"schema":{"@context":"https:\/\/schema.org","@graph":[{"@type":"WebPage","@id":"https:\/\/arroyolajara.com\/rutas-gastronomicas\/","url":"https:\/\/arroyolajara.com\/rutas-gastronomicas\/","name":"Rutas gastron\u00f3micas - Arroyo La Jara","isPartOf":{"@id":"https:\/\/arroyolajara.com\/#website"},"datePublished":"2023-01-10T15:46:35+00:00","dateModified":"2023-01-10T15:49:15+00:00","breadcrumb":{"@id":"https:\/\/arroyolajara.com\/rutas-gastronomicas\/#breadcrumb"},"inLanguage":"en-GB","potentialAction":[{"@type":"ReadAction","target":["https:\/\/arroyolajara.com\/rutas-gastronomicas\/"]}]},{"@type":"BreadcrumbList","@id":"https:\/\/arroyolajara.com\/rutas-gastronomicas\/#breadcrumb","itemListElement":[{"@type":"ListItem","position":1,"name":"Portada","item":"https:\/\/arroyolajara.com\/"},{"@type":"ListItem","position":2,"name":"Rutas gastron\u00f3micas"}]},{"@type":"WebSite","@id":"https:\/\/arroyolajara.com\/#website","url":"https:\/\/arroyolajara.com\/","name":"Arroyo La Jara","description":"Casas rurales en Huelva","publisher":{"@id":"https:\/\/arroyolajara.com\/#organization"},"alternateName":"Casas rurales en Huelva","potentialAction":[{"@type":"SearchAction","target":{"@type":"EntryPoint","urlTemplate":"https:\/\/arroyolajara.com\/?s={search_term_string}"},"query-input":{"@type":"PropertyValueSpecification","valueRequired":true,"valueName":"search_term_string"}}],"inLanguage":"en-GB"},{"@type":"Organization","@id":"https:\/\/arroyolajara.com\/#organization","name":"Arroyo La Jara","alternateName":"Casas rurales en Huelva","url":"https:\/\/arroyolajara.com\/","logo":{"@type":"ImageObject","inLanguage":"en-GB","@id":"https:\/\/arroyolajara.com\/#\/schema\/logo\/image\/","url":"https:\/\/arroyolajara.com\/wp-content\/uploads\/2024\/07\/ArroyoLaJara-LogoBlanco.svg","contentUrl":"https:\/\/arroyolajara.com\/wp-content\/uploads\/2024\/07\/ArroyoLaJara-LogoBlanco.svg","width":249,"height":75,"caption":"Arroyo La Jara"},"image":{"@id":"https:\/\/arroyolajara.com\/#\/schema\/logo\/image\/"},"sameAs":["https:\/\/www.instagram.com\/arroyolajara"]}]}},"_links":{"self":[{"href":"https:\/\/arroyolajara.com\/en\/wp-json\/wp\/v2\/pages\/1146","targetHints":{"allow":["GET"]}}],"collection":[{"href":"https:\/\/arroyolajara.com\/en\/wp-json\/wp\/v2\/pages"}],"about":[{"href":"https:\/\/arroyolajara.com\/en\/wp-json\/wp\/v2\/types\/page"}],"author":[{"embeddable":true,"href":"https:\/\/arroyolajara.com\/en\/wp-json\/wp\/v2\/users\/3"}],"replies":[{"embeddable":true,"href":"https:\/\/arroyolajara.com\/en\/wp-json\/wp\/v2\/comments?post=1146"}],"version-history":[{"count":7,"href":"https:\/\/arroyolajara.com\/en\/wp-json\/wp\/v2\/pages\/1146\/revisions"}],"predecessor-version":[{"id":1153,"href":"https:\/\/arroyolajara.com\/en\/wp-json\/wp\/v2\/pages\/1146\/revisions\/1153"}],"wp:attachment":[{"href":"https:\/\/arroyolajara.com\/en\/wp-json\/wp\/v2\/media?parent=1146"}],"curies":[{"name":"wp","href":"https:\/\/api.w.org\/{rel}","templated":true}]}}