{"id":51,"date":"2022-11-11T13:19:57","date_gmt":"2022-11-11T11:19:57","guid":{"rendered":"https:\/\/arroyolajara.com\/?page_id=51"},"modified":"2024-10-01T21:42:42","modified_gmt":"2024-10-01T19:42:42","slug":"contacto","status":"publish","type":"page","link":"https:\/\/arroyolajara.com\/en\/contacto\/","title":{"rendered":"Contact"},"content":{"rendered":"\t\t<div data-elementor-type=\"wp-page\" data-elementor-id=\"51\" class=\"elementor elementor-51\" data-elementor-post-type=\"page\">\n\t\t\t\t\t\t<section class=\"elementor-section elementor-top-section elementor-element elementor-element-7913f01 elementor-section-boxed elementor-section-height-default elementor-section-height-default\" data-id=\"7913f01\" data-element_type=\"section\" data-settings=\"{&quot;background_background&quot;:&quot;classic&quot;}\">\n\t\t\t\t\t\t\t<div class=\"elementor-background-overlay\"><\/div>\n\t\t\t\t\t\t\t<div class=\"elementor-container elementor-column-gap-default\">\n\t\t\t\t\t<div class=\"elementor-column elementor-col-100 elementor-top-column elementor-element elementor-element-a7b17fb\" data-id=\"a7b17fb\" data-element_type=\"column\">\n\t\t\t<div class=\"elementor-widget-wrap elementor-element-populated\">\n\t\t\t\t\t\t\t<\/div>\n\t\t<\/div>\n\t\t\t\t\t<\/div>\n\t\t<\/section>\n\t\t\t\t<section class=\"elementor-section elementor-top-section elementor-element elementor-element-4dadf5b elementor-section-boxed elementor-section-height-default elementor-section-height-default\" data-id=\"4dadf5b\" data-element_type=\"section\">\n\t\t\t\t\t\t<div class=\"elementor-container elementor-column-gap-default\">\n\t\t\t\t\t<div class=\"elementor-column elementor-col-50 elementor-top-column elementor-element elementor-element-9f82d8f\" data-id=\"9f82d8f\" data-element_type=\"column\">\n\t\t\t<div class=\"elementor-widget-wrap elementor-element-populated\">\n\t\t\t\t\t\t<div class=\"elementor-element elementor-element-b95dea3 elementor-widget elementor-widget-heading\" data-id=\"b95dea3\" data-element_type=\"widget\" data-widget_type=\"heading.default\">\n\t\t\t\t<div class=\"elementor-widget-container\">\n\t\t\t\t\t<h2 class=\"elementor-heading-title elementor-size-default\">Escr\u00edbenos un mensaje<\/h2>\t\t\t\t<\/div>\n\t\t\t\t<\/div>\n\t\t\t\t<div class=\"elementor-element elementor-element-a34b55e elementor-widget elementor-widget-text-editor\" data-id=\"a34b55e\" data-element_type=\"widget\" data-widget_type=\"text-editor.default\">\n\t\t\t\t<div class=\"elementor-widget-container\">\n\t\t\t\t\t\t\t\t\t<p>En Arroyo La Jara nos adaptamos a tus necesidades y hacemos de tu estancia con nosotros una experiencia \u00fanica. Escr\u00edbenos y trataremos de responderte lo antes posible.<\/p>\t\t\t\t\t\t\t\t<\/div>\n\t\t\t\t<\/div>\n\t\t\t\t<div class=\"elementor-element elementor-element-f86e0a1 elementor-button-align-stretch elementor-widget elementor-widget-form\" data-id=\"f86e0a1\" data-element_type=\"widget\" data-settings=\"{&quot;step_next_label&quot;:&quot;Siguiente&quot;,&quot;step_previous_label&quot;:&quot;Anterior&quot;,&quot;button_width&quot;:&quot;100&quot;,&quot;step_type&quot;:&quot;number_text&quot;,&quot;step_icon_shape&quot;:&quot;circle&quot;}\" data-widget_type=\"form.default\">\n\t\t\t\t<div class=\"elementor-widget-container\">\n\t\t\t\t\t\t\t<form class=\"elementor-form\" method=\"post\" name=\"Formulario contacto\" aria-label=\"Formulario contacto\">\n\t\t\t<input type=\"hidden\" name=\"post_id\" value=\"51\"\/>\n\t\t\t<input type=\"hidden\" name=\"form_id\" value=\"f86e0a1\"\/>\n\t\t\t<input type=\"hidden\" name=\"referer_title\" value=\"Contacto - Arroyo La Jara\" \/>\n\n\t\t\t\t\t\t\t<input type=\"hidden\" name=\"queried_id\" value=\"51\"\/>\n\t\t\t\n\t\t\t<div class=\"elementor-form-fields-wrapper elementor-labels-\">\n\t\t\t\t\t\t\t\t<div class=\"elementor-field-type-text elementor-field-group elementor-column elementor-field-group-name elementor-col-100 elementor-field-required\">\n\t\t\t\t\t\t\t\t\t\t\t\t<label for=\"form-field-name\" class=\"elementor-field-label elementor-screen-only\">\n\t\t\t\t\t\t\t\tNombre completo\t\t\t\t\t\t\t<\/label>\n\t\t\t\t\t\t\t\t\t\t\t\t\t\t<input size=\"1\" type=\"text\" name=\"form_fields[name]\" id=\"form-field-name\" class=\"elementor-field elementor-size-lg  elementor-field-textual\" placeholder=\"Nombre completo\" required=\"required\">\n\t\t\t\t\t\t\t\t\t\t\t<\/div>\n\t\t\t\t\t\t\t\t<div class=\"elementor-field-type-email elementor-field-group elementor-column elementor-field-group-email elementor-col-50 elementor-field-required\">\n\t\t\t\t\t\t\t\t\t\t\t\t<label for=\"form-field-email\" class=\"elementor-field-label elementor-screen-only\">\n\t\t\t\t\t\t\t\tCorreo electr\u00f3nico\t\t\t\t\t\t\t<\/label>\n\t\t\t\t\t\t\t\t\t\t\t\t\t\t<input size=\"1\" type=\"email\" name=\"form_fields[email]\" id=\"form-field-email\" class=\"elementor-field elementor-size-lg  elementor-field-textual\" placeholder=\"Correo electr\u00f3nico\" required=\"required\">\n\t\t\t\t\t\t\t\t\t\t\t<\/div>\n\t\t\t\t\t\t\t\t<div class=\"elementor-field-type-tel elementor-field-group elementor-column elementor-field-group-field_86f79eb elementor-col-50 elementor-field-required\">\n\t\t\t\t\t\t\t\t\t\t\t\t<label for=\"form-field-field_86f79eb\" class=\"elementor-field-label elementor-screen-only\">\n\t\t\t\t\t\t\t\tTel\u00e9fono\t\t\t\t\t\t\t<\/label>\n\t\t\t\t\t\t\t\t<input size=\"1\" type=\"tel\" name=\"form_fields[field_86f79eb]\" id=\"form-field-field_86f79eb\" class=\"elementor-field elementor-size-lg  elementor-field-textual\" placeholder=\"Tel\u00e9fono\" required=\"required\" pattern=\"[0-9()#&amp;+*-=.]+\" title=\"Solo se aceptan n\u00fameros y caracteres de tel\u00e9fono (#,-,*,etc).\">\n\n\t\t\t\t\t\t<\/div>\n\t\t\t\t\t\t\t\t<div class=\"elementor-field-type-textarea elementor-field-group elementor-column elementor-field-group-message elementor-col-100\">\n\t\t\t\t\t\t\t\t\t\t\t\t<label for=\"form-field-message\" class=\"elementor-field-label elementor-screen-only\">\n\t\t\t\t\t\t\t\tMensaje\t\t\t\t\t\t\t<\/label>\n\t\t\t\t\t\t<textarea class=\"elementor-field-textual elementor-field  elementor-size-lg\" name=\"form_fields[message]\" id=\"form-field-message\" rows=\"4\" placeholder=\"Mensaje\"><\/textarea>\t\t\t\t<\/div>\n\t\t\t\t\t\t\t\t<div class=\"elementor-field-type-acceptance elementor-field-group elementor-column elementor-field-group-field_ce33394 elementor-col-100 elementor-field-required\">\n\t\t\t\t\t\t\t<div class=\"elementor-field-subgroup\">\n\t\t\t<span class=\"elementor-field-option\">\n\t\t\t\t<input type=\"checkbox\" name=\"form_fields[field_ce33394]\" id=\"form-field-field_ce33394\" class=\"elementor-field elementor-size-lg  elementor-acceptance-field\" required=\"required\">\n\t\t\t\t<label for=\"form-field-field_ce33394\">Acepto la <a href=\"\/politica-de-privacidad\" style=\"text-decoration: underline; color: #606c38;\">pol\u00edtica de privacidad<\/a><\/label>\t\t\t<\/span>\n\t\t<\/div>\n\t\t\t\t\t\t<\/div>\n\t\t\t\t\t\t\t\t<div class=\"elementor-field-type-recaptcha elementor-field-group elementor-column elementor-field-group-field_5669a73 elementor-col-100\">\n\t\t\t\t\t<div class=\"elementor-field\" id=\"form-field-field_5669a73\"><div class=\"elementor-g-recaptcha\" data-sitekey=\"6LePRSAqAAAAAAe3GUCZeB8buDRxWNfK7cH-y92l\" data-type=\"v2_checkbox\" data-theme=\"light\" data-size=\"normal\"><\/div><\/div>\t\t\t\t<\/div>\n\t\t\t\t\t\t\t\t<div class=\"elementor-field-type-text\">\n\t\t\t\t\t<input size=\"1\" type=\"text\" name=\"form_fields[field_70b3ef9]\" id=\"form-field-field_70b3ef9\" class=\"elementor-field elementor-size-lg \" style=\"display:none !important;\">\t\t\t\t<\/div>\n\t\t\t\t\t\t\t\t<div class=\"elementor-field-group elementor-column elementor-field-type-submit elementor-col-100 e-form__buttons\">\n\t\t\t\t\t<button class=\"elementor-button elementor-size-sm\" type=\"submit\">\n\t\t\t\t\t\t<span class=\"elementor-button-content-wrapper\">\n\t\t\t\t\t\t\t\t\t\t\t\t\t\t\t\t\t\t\t\t\t\t<span class=\"elementor-button-text\">Enviar mensaje<\/span>\n\t\t\t\t\t\t\t\t\t\t\t\t\t<\/span>\n\t\t\t\t\t<\/button>\n\t\t\t\t<\/div>\n\t\t\t<\/div>\n\t\t<\/form>\n\t\t\t\t\t\t<\/div>\n\t\t\t\t<\/div>\n\t\t\t\t\t<\/div>\n\t\t<\/div>\n\t\t\t\t<div class=\"elementor-column elementor-col-50 elementor-top-column elementor-element elementor-element-d493009\" data-id=\"d493009\" data-element_type=\"column\">\n\t\t\t<div class=\"elementor-widget-wrap elementor-element-populated\">\n\t\t\t\t\t\t<div class=\"elementor-element elementor-element-36c901f elementor-widget elementor-widget-google_maps\" data-id=\"36c901f\" data-element_type=\"widget\" data-widget_type=\"google_maps.default\">\n\t\t\t\t<div class=\"elementor-widget-container\">\n\t\t\t\t\t\t\t<div class=\"elementor-custom-embed\">\n\t\t\t<iframe loading=\"lazy\"\n\t\t\t\t\tsrc=\"https:\/\/maps.google.com\/maps?q=Finca%20Arroyo%20la%20Jara&#038;t=m&#038;z=10&#038;output=embed&#038;iwloc=near\"\n\t\t\t\t\ttitle=\"Finca Arroyo la Jara\"\n\t\t\t\t\taria-label=\"Finca Arroyo la Jara\"\n\t\t\t><\/iframe>\n\t\t<\/div>\n\t\t\t\t\t\t<\/div>\n\t\t\t\t<\/div>\n\t\t\t\t<section class=\"elementor-section elementor-inner-section elementor-element elementor-element-446a610 elementor-section-full_width elementor-section-height-default elementor-section-height-default\" data-id=\"446a610\" data-element_type=\"section\">\n\t\t\t\t\t\t<div class=\"elementor-container elementor-column-gap-default\">\n\t\t\t\t\t<div class=\"elementor-column elementor-col-50 elementor-inner-column elementor-element elementor-element-24b0320\" data-id=\"24b0320\" data-element_type=\"column\">\n\t\t\t<div class=\"elementor-widget-wrap elementor-element-populated\">\n\t\t\t\t\t\t<div class=\"elementor-element elementor-element-982f96c elementor-widget elementor-widget-heading\" data-id=\"982f96c\" data-element_type=\"widget\" data-widget_type=\"heading.default\">\n\t\t\t\t<div class=\"elementor-widget-container\">\n\t\t\t\t\t<h6 class=\"elementor-heading-title elementor-size-default\">Tel\u00e9fono<\/h6>\t\t\t\t<\/div>\n\t\t\t\t<\/div>\n\t\t\t\t<div class=\"elementor-element elementor-element-10fa8b4 elementor-widget-divider--view-line elementor-widget elementor-widget-divider\" data-id=\"10fa8b4\" data-element_type=\"widget\" data-widget_type=\"divider.default\">\n\t\t\t\t<div class=\"elementor-widget-container\">\n\t\t\t\t\t\t\t<div class=\"elementor-divider\">\n\t\t\t<span class=\"elementor-divider-separator\">\n\t\t\t\t\t\t<\/span>\n\t\t<\/div>\n\t\t\t\t\t\t<\/div>\n\t\t\t\t<\/div>\n\t\t\t\t<div class=\"elementor-element elementor-element-408d6fe elementor-widget elementor-widget-text-editor\" data-id=\"408d6fe\" data-element_type=\"widget\" data-widget_type=\"text-editor.default\">\n\t\t\t\t<div class=\"elementor-widget-container\">\n\t\t\t\t\t\t\t\t\t<p><span style=\"color: #606c38;\"><a style=\"color: #606c38;\" href=\"tel:661341658\">+34 661 341 658<\/a><\/span><\/p>\t\t\t\t\t\t\t\t<\/div>\n\t\t\t\t<\/div>\n\t\t\t\t\t<\/div>\n\t\t<\/div>\n\t\t\t\t<div class=\"elementor-column elementor-col-50 elementor-inner-column elementor-element elementor-element-4dd4dca\" data-id=\"4dd4dca\" data-element_type=\"column\">\n\t\t\t<div class=\"elementor-widget-wrap elementor-element-populated\">\n\t\t\t\t\t\t<div class=\"elementor-element elementor-element-a3a14ac elementor-widget elementor-widget-heading\" data-id=\"a3a14ac\" data-element_type=\"widget\" data-widget_type=\"heading.default\">\n\t\t\t\t<div class=\"elementor-widget-container\">\n\t\t\t\t\t<h6 class=\"elementor-heading-title elementor-size-default\">Correo<\/h6>\t\t\t\t<\/div>\n\t\t\t\t<\/div>\n\t\t\t\t<div class=\"elementor-element elementor-element-e7b1ee1 elementor-widget-divider--view-line elementor-widget elementor-widget-divider\" data-id=\"e7b1ee1\" data-element_type=\"widget\" data-widget_type=\"divider.default\">\n\t\t\t\t<div class=\"elementor-widget-container\">\n\t\t\t\t\t\t\t<div class=\"elementor-divider\">\n\t\t\t<span class=\"elementor-divider-separator\">\n\t\t\t\t\t\t<\/span>\n\t\t<\/div>\n\t\t\t\t\t\t<\/div>\n\t\t\t\t<\/div>\n\t\t\t\t<div class=\"elementor-element elementor-element-dc394b3 elementor-widget elementor-widget-text-editor\" data-id=\"dc394b3\" data-element_type=\"widget\" data-widget_type=\"text-editor.default\">\n\t\t\t\t<div class=\"elementor-widget-container\">\n\t\t\t\t\t\t\t\t\t<p><a href=\"mailto:info@arroyolajara.com\"><span style=\"color: #606c38;\">info@arroyolajara.com<\/span> <\/a><\/p>\t\t\t\t\t\t\t\t<\/div>\n\t\t\t\t<\/div>\n\t\t\t\t\t<\/div>\n\t\t<\/div>\n\t\t\t\t\t<\/div>\n\t\t<\/section>\n\t\t\t\t<section class=\"elementor-section elementor-inner-section elementor-element elementor-element-98c5797 elementor-section-full_width elementor-section-height-default elementor-section-height-default\" data-id=\"98c5797\" data-element_type=\"section\">\n\t\t\t\t\t\t<div class=\"elementor-container elementor-column-gap-default\">\n\t\t\t\t\t<div class=\"elementor-column elementor-col-100 elementor-inner-column elementor-element elementor-element-03f66d1\" data-id=\"03f66d1\" data-element_type=\"column\">\n\t\t\t<div class=\"elementor-widget-wrap elementor-element-populated\">\n\t\t\t\t\t\t<div class=\"elementor-element elementor-element-b255ce5 elementor-widget elementor-widget-heading\" data-id=\"b255ce5\" data-element_type=\"widget\" data-widget_type=\"heading.default\">\n\t\t\t\t<div class=\"elementor-widget-container\">\n\t\t\t\t\t<h6 class=\"elementor-heading-title elementor-size-default\">Direcci\u00f3n<\/h6>\t\t\t\t<\/div>\n\t\t\t\t<\/div>\n\t\t\t\t<div class=\"elementor-element elementor-element-5645f9c elementor-widget-divider--view-line elementor-widget elementor-widget-divider\" data-id=\"5645f9c\" data-element_type=\"widget\" data-widget_type=\"divider.default\">\n\t\t\t\t<div class=\"elementor-widget-container\">\n\t\t\t\t\t\t\t<div class=\"elementor-divider\">\n\t\t\t<span class=\"elementor-divider-separator\">\n\t\t\t\t\t\t<\/span>\n\t\t<\/div>\n\t\t\t\t\t\t<\/div>\n\t\t\t\t<\/div>\n\t\t\t\t<div class=\"elementor-element elementor-element-e7b02c3 elementor-widget elementor-widget-text-editor\" data-id=\"e7b02c3\" data-element_type=\"widget\" data-widget_type=\"text-editor.default\">\n\t\t\t\t<div class=\"elementor-widget-container\">\n\t\t\t\t\t\t\t\t\t<p>Ctra. La Escalada Km. 4,5 &#8211; 21350 &#8211; Almonaster la Real &#8211; Huelva &#8211; Espa\u00f1a<\/p>\t\t\t\t\t\t\t\t<\/div>\n\t\t\t\t<\/div>\n\t\t\t\t\t<\/div>\n\t\t<\/div>\n\t\t\t\t\t<\/div>\n\t\t<\/section>\n\t\t\t\t\t<\/div>\n\t\t<\/div>\n\t\t\t\t\t<\/div>\n\t\t<\/section>\n\t\t\t\t<\/div>\n\t\t","protected":false},"excerpt":{"rendered":"<p>Escr\u00edbenos un mensaje En Arroyo La Jara nos adaptamos a tus necesidades y hacemos de tu estancia con nosotros una experiencia \u00fanica. Escr\u00edbenos y trataremos de responderte lo antes posible. Tel\u00e9fono +34 661 341 658 Correo info@arroyolajara.com Direcci\u00f3n Ctra. La Escalada Km. 4,5 &#8211; 21350 &#8211; Almonaster la Real &#8211; Huelva &#8211; Espa\u00f1a<\/p>","protected":false},"author":3,"featured_media":0,"parent":0,"menu_order":0,"comment_status":"closed","ping_status":"closed","template":"","meta":{"inline_featured_image":false,"_joinchat":[],"footnotes":""},"class_list":["post-51","page","type-page","status-publish","hentry","entry"],"yoast_head":"<!-- This site is optimized with the Yoast SEO plugin v26.8 - https:\/\/yoast.com\/product\/yoast-seo-wordpress\/ -->\n<title>Contacto - Arroyo La Jara<\/title>\n<meta name=\"robots\" content=\"index, follow, max-snippet:-1, max-image-preview:large, max-video-preview:-1\" \/>\n<link rel=\"canonical\" href=\"https:\/\/arroyolajara.com\/en\/contacto\/\" \/>\n<meta property=\"og:locale\" content=\"en_GB\" \/>\n<meta property=\"og:type\" content=\"article\" \/>\n<meta property=\"og:title\" content=\"Contacto - Arroyo La Jara\" \/>\n<meta property=\"og:description\" content=\"Escr\u00edbenos un mensaje En Arroyo La Jara nos adaptamos a tus necesidades y hacemos de tu estancia con nosotros una experiencia \u00fanica. Escr\u00edbenos y trataremos de responderte lo antes posible. Tel\u00e9fono +34 661 341 658 Correo info@arroyolajara.com Direcci\u00f3n Ctra. La Escalada Km. 4,5 &#8211; 21350 &#8211; Almonaster la Real &#8211; Huelva &#8211; Espa\u00f1a\" \/>\n<meta property=\"og:url\" content=\"https:\/\/arroyolajara.com\/en\/contacto\/\" \/>\n<meta property=\"og:site_name\" content=\"Arroyo La Jara\" \/>\n<meta property=\"article:modified_time\" content=\"2024-10-01T19:42:42+00:00\" \/>\n<meta property=\"og:image\" content=\"https:\/\/arroyolajara.com\/wp-content\/uploads\/2024\/07\/ArroyoLaJara.png\" \/>\n\t<meta property=\"og:image:width\" content=\"1200\" \/>\n\t<meta property=\"og:image:height\" content=\"650\" \/>\n\t<meta property=\"og:image:type\" content=\"image\/png\" \/>\n<meta name=\"twitter:card\" content=\"summary_large_image\" \/>\n<meta name=\"twitter:label1\" content=\"Estimated reading time\" \/>\n\t<meta name=\"twitter:data1\" content=\"1 minute\" \/>\n<script type=\"application\/ld+json\" class=\"yoast-schema-graph\">{\"@context\":\"https:\/\/schema.org\",\"@graph\":[{\"@type\":\"WebPage\",\"@id\":\"https:\/\/arroyolajara.com\/contacto\/\",\"url\":\"https:\/\/arroyolajara.com\/contacto\/\",\"name\":\"Contacto - Arroyo La Jara\",\"isPartOf\":{\"@id\":\"https:\/\/arroyolajara.com\/#website\"},\"datePublished\":\"2022-11-11T11:19:57+00:00\",\"dateModified\":\"2024-10-01T19:42:42+00:00\",\"breadcrumb\":{\"@id\":\"https:\/\/arroyolajara.com\/contacto\/#breadcrumb\"},\"inLanguage\":\"en-GB\",\"potentialAction\":[{\"@type\":\"ReadAction\",\"target\":[\"https:\/\/arroyolajara.com\/contacto\/\"]}]},{\"@type\":\"BreadcrumbList\",\"@id\":\"https:\/\/arroyolajara.com\/contacto\/#breadcrumb\",\"itemListElement\":[{\"@type\":\"ListItem\",\"position\":1,\"name\":\"Portada\",\"item\":\"https:\/\/arroyolajara.com\/\"},{\"@type\":\"ListItem\",\"position\":2,\"name\":\"Contacto\"}]},{\"@type\":\"WebSite\",\"@id\":\"https:\/\/arroyolajara.com\/#website\",\"url\":\"https:\/\/arroyolajara.com\/\",\"name\":\"Arroyo La Jara\",\"description\":\"Casas rurales en Huelva\",\"publisher\":{\"@id\":\"https:\/\/arroyolajara.com\/#organization\"},\"alternateName\":\"Casas rurales en Huelva\",\"potentialAction\":[{\"@type\":\"SearchAction\",\"target\":{\"@type\":\"EntryPoint\",\"urlTemplate\":\"https:\/\/arroyolajara.com\/?s={search_term_string}\"},\"query-input\":{\"@type\":\"PropertyValueSpecification\",\"valueRequired\":true,\"valueName\":\"search_term_string\"}}],\"inLanguage\":\"en-GB\"},{\"@type\":\"Organization\",\"@id\":\"https:\/\/arroyolajara.com\/#organization\",\"name\":\"Arroyo La Jara\",\"alternateName\":\"Casas rurales en Huelva\",\"url\":\"https:\/\/arroyolajara.com\/\",\"logo\":{\"@type\":\"ImageObject\",\"inLanguage\":\"en-GB\",\"@id\":\"https:\/\/arroyolajara.com\/#\/schema\/logo\/image\/\",\"url\":\"https:\/\/arroyolajara.com\/wp-content\/uploads\/2024\/07\/ArroyoLaJara-LogoBlanco.svg\",\"contentUrl\":\"https:\/\/arroyolajara.com\/wp-content\/uploads\/2024\/07\/ArroyoLaJara-LogoBlanco.svg\",\"width\":249,\"height\":75,\"caption\":\"Arroyo La Jara\"},\"image\":{\"@id\":\"https:\/\/arroyolajara.com\/#\/schema\/logo\/image\/\"},\"sameAs\":[\"https:\/\/www.instagram.com\/arroyolajara\"]}]}<\/script>\n<!-- \/ Yoast SEO plugin. -->","yoast_head_json":{"title":"Contacto - Arroyo La Jara","robots":{"index":"index","follow":"follow","max-snippet":"max-snippet:-1","max-image-preview":"max-image-preview:large","max-video-preview":"max-video-preview:-1"},"canonical":"https:\/\/arroyolajara.com\/en\/contacto\/","og_locale":"en_GB","og_type":"article","og_title":"Contacto - Arroyo La Jara","og_description":"Escr\u00edbenos un mensaje En Arroyo La Jara nos adaptamos a tus necesidades y hacemos de tu estancia con nosotros una experiencia \u00fanica. Escr\u00edbenos y trataremos de responderte lo antes posible. Tel\u00e9fono +34 661 341 658 Correo info@arroyolajara.com Direcci\u00f3n Ctra. La Escalada Km. 4,5 &#8211; 21350 &#8211; Almonaster la Real &#8211; Huelva &#8211; Espa\u00f1a","og_url":"https:\/\/arroyolajara.com\/en\/contacto\/","og_site_name":"Arroyo La Jara","article_modified_time":"2024-10-01T19:42:42+00:00","og_image":[{"width":1200,"height":650,"url":"https:\/\/arroyolajara.com\/wp-content\/uploads\/2024\/07\/ArroyoLaJara.png","type":"image\/png"}],"twitter_card":"summary_large_image","twitter_misc":{"Estimated reading time":"1 minute"},"schema":{"@context":"https:\/\/schema.org","@graph":[{"@type":"WebPage","@id":"https:\/\/arroyolajara.com\/contacto\/","url":"https:\/\/arroyolajara.com\/contacto\/","name":"Contacto - Arroyo La Jara","isPartOf":{"@id":"https:\/\/arroyolajara.com\/#website"},"datePublished":"2022-11-11T11:19:57+00:00","dateModified":"2024-10-01T19:42:42+00:00","breadcrumb":{"@id":"https:\/\/arroyolajara.com\/contacto\/#breadcrumb"},"inLanguage":"en-GB","potentialAction":[{"@type":"ReadAction","target":["https:\/\/arroyolajara.com\/contacto\/"]}]},{"@type":"BreadcrumbList","@id":"https:\/\/arroyolajara.com\/contacto\/#breadcrumb","itemListElement":[{"@type":"ListItem","position":1,"name":"Portada","item":"https:\/\/arroyolajara.com\/"},{"@type":"ListItem","position":2,"name":"Contacto"}]},{"@type":"WebSite","@id":"https:\/\/arroyolajara.com\/#website","url":"https:\/\/arroyolajara.com\/","name":"Arroyo La Jara","description":"Casas rurales en Huelva","publisher":{"@id":"https:\/\/arroyolajara.com\/#organization"},"alternateName":"Casas rurales en Huelva","potentialAction":[{"@type":"SearchAction","target":{"@type":"EntryPoint","urlTemplate":"https:\/\/arroyolajara.com\/?s={search_term_string}"},"query-input":{"@type":"PropertyValueSpecification","valueRequired":true,"valueName":"search_term_string"}}],"inLanguage":"en-GB"},{"@type":"Organization","@id":"https:\/\/arroyolajara.com\/#organization","name":"Arroyo La Jara","alternateName":"Casas rurales en Huelva","url":"https:\/\/arroyolajara.com\/","logo":{"@type":"ImageObject","inLanguage":"en-GB","@id":"https:\/\/arroyolajara.com\/#\/schema\/logo\/image\/","url":"https:\/\/arroyolajara.com\/wp-content\/uploads\/2024\/07\/ArroyoLaJara-LogoBlanco.svg","contentUrl":"https:\/\/arroyolajara.com\/wp-content\/uploads\/2024\/07\/ArroyoLaJara-LogoBlanco.svg","width":249,"height":75,"caption":"Arroyo La Jara"},"image":{"@id":"https:\/\/arroyolajara.com\/#\/schema\/logo\/image\/"},"sameAs":["https:\/\/www.instagram.com\/arroyolajara"]}]}},"_links":{"self":[{"href":"https:\/\/arroyolajara.com\/en\/wp-json\/wp\/v2\/pages\/51","targetHints":{"allow":["GET"]}}],"collection":[{"href":"https:\/\/arroyolajara.com\/en\/wp-json\/wp\/v2\/pages"}],"about":[{"href":"https:\/\/arroyolajara.com\/en\/wp-json\/wp\/v2\/types\/page"}],"author":[{"embeddable":true,"href":"https:\/\/arroyolajara.com\/en\/wp-json\/wp\/v2\/users\/3"}],"replies":[{"embeddable":true,"href":"https:\/\/arroyolajara.com\/en\/wp-json\/wp\/v2\/comments?post=51"}],"version-history":[{"count":97,"href":"https:\/\/arroyolajara.com\/en\/wp-json\/wp\/v2\/pages\/51\/revisions"}],"predecessor-version":[{"id":3072,"href":"https:\/\/arroyolajara.com\/en\/wp-json\/wp\/v2\/pages\/51\/revisions\/3072"}],"wp:attachment":[{"href":"https:\/\/arroyolajara.com\/en\/wp-json\/wp\/v2\/media?parent=51"}],"curies":[{"name":"wp","href":"https:\/\/api.w.org\/{rel}","templated":true}]}}